{"id":3215,"date":"2023-08-30T14:26:03","date_gmt":"2023-08-30T12:26:03","guid":{"rendered":"https:\/\/thinkinpress.com\/gestio-integral\/"},"modified":"2024-05-06T10:58:48","modified_gmt":"2024-05-06T08:58:48","slug":"gestio-integral","status":"publish","type":"page","link":"https:\/\/thinkinpress.com\/ca\/gestio-integral\/","title":{"rendered":"Gesti\u00f3 Integral"},"content":{"rendered":"\n<div class=\"wp-block-uagb-container uagb-block-f8f89075 alignfull uagb-is-root-container\"><div class=\"uagb-container-inner-blocks-wrap\">\n<div class=\"wp-block-uagb-info-box uagb-block-2949a051 uagb-infobox__content-wrap  uagb-infobox-icon-above-title uagb-infobox-image-valign-top\"><div class=\"uagb-ifb-content\"><div class=\"uagb-ifb-title-wrap\"><h1 class=\"uagb-ifb-title\">Gesti\u00f3 Integral<\/h1><\/div><p class=\"uagb-ifb-desc\">A Thinkinpress, apostem per un proc\u00e9s fluid i efica\u00e7, pel compliment de terminis de lliurament, per l\u2019atenci\u00f3 al detall, per la interacci\u00f3 i la resposta en temps real i per la precisi\u00f3.<br\/><strong>Tenim les eines m\u00e9s potents de creaci\u00f3 i gesti\u00f3.<\/strong> Els Artworks per a la ind\u00fastria farmac\u00e8utica s\u00f3n el nostre fort.<\/p><\/div><\/div>\n<\/div><\/div>\n\n<div class=\"wp-block-uagb-container uagb-block-917a5172 alignfull uagb-is-root-container\"><div class=\"uagb-container-inner-blocks-wrap\">\n<div class=\"wp-block-uagb-container uagb-block-47ac9e7e\">\n<p>Identifiquem necessitats, proposem solucions i en controlem l\u2019efectivitat amb un equip altament preparat i amb experi\u00e8ncia en el sector farmac\u00e8utic.<\/p>\n<\/div>\n\n\n\n<div class=\"wp-block-uagb-container uagb-block-f3c341a3\">\n<p>Des del principi i durant tot el proc\u00e9s un Project m\u00e1nager s&#8217;encarregar\u00e0 que la comunicaci\u00f3 flueixi al m\u00e0xim i que totes les parts implicades duguin a terme la seva tasca.<\/p>\n<\/div>\n<\/div><\/div>\n\n<div class=\"wp-block-uagb-container uagb-block-f00fa989 alignfull uagb-is-root-container\"><div class=\"uagb-container-inner-blocks-wrap\">\n<div class=\"wp-block-uagb-advanced-heading uagb-block-b9d0252f\"><h2 class=\"uagb-heading-text\"><strong>Control. Rapidesa. Efici\u00e8ncia. Centralitzaci\u00f3.<\/strong><\/h2><p class=\"uagb-desc-text\">Utilitzem el software ESKO Share&amp;Approve una eina que ens permet gestionar i administrar totes les complexitats en la creaci\u00f3 d\u2019artworks. \u00c9s una soluci\u00f3 segura que compleix les GMP (bones pr\u00e0ctiques de fabricaci\u00f3).<br\/>Les eines d&#8217;anotaci\u00f3 i visualitzaci\u00f3 permeten afegir comentaris, mesurar detalls i dimensions, comparar versions i consultar l&#8217;historial. Proporcionen un major control i avan\u00e7 en garantia de qualitat.<\/p><\/div>\n\n\n\n<div class=\"wp-block-uagb-container uagb-block-63ca23cf\">\n<div class=\"wp-block-uagb-info-box uagb-block-268cdc9b uagb-infobox__content-wrap  uagb-infobox-icon-above-title uagb-infobox-image-valign-top\"><div class=\"uagb-ifb-content\"><div class=\"uagb-ifb-image-content\"><img decoding=\"async\" src=\"https:\/\/thinkinpress.com\/wp-content\/uploads\/2023\/09\/Recurso-3@300x-8.png\" alt=\"\" width=\"59\" height=\"59\" loading=\"lazy\"\/><\/div><div class=\"uagb-ifb-title-wrap\"><h4 class=\"uagb-ifb-title\"><strong><strong>Veure i verificar<\/strong><\/strong><\/h4><\/div><\/div><\/div>\n\n\n\n<div class=\"wp-block-uagb-info-box uagb-block-0cadecc2 uagb-infobox__content-wrap  uagb-infobox-icon-above-title uagb-infobox-image-valign-top\"><div class=\"uagb-ifb-content\"><div class=\"uagb-ifb-image-content\"><img decoding=\"async\" src=\"https:\/\/thinkinpress.com\/wp-content\/uploads\/2023\/09\/Recurso-4@300x-8.png\" alt=\"\" width=\"46\" height=\"59\" loading=\"lazy\"\/><\/div><div class=\"uagb-ifb-title-wrap\"><h4 class=\"uagb-ifb-title\"><strong><strong>Aprovar\/rebutjar<\/strong><\/strong><\/h4><\/div><\/div><\/div>\n\n\n\n<div class=\"wp-block-uagb-info-box uagb-block-eafc16ca uagb-infobox__content-wrap  uagb-infobox-icon-above-title uagb-infobox-image-valign-top\"><div class=\"uagb-ifb-content\"><div class=\"uagb-ifb-image-content\"><img decoding=\"async\" src=\"https:\/\/thinkinpress.com\/wp-content\/uploads\/2023\/09\/Recurso-2@300x-8.png\" alt=\"\" width=\"59\" height=\"58\" loading=\"lazy\"\/><\/div><div class=\"uagb-ifb-title-wrap\"><h4 class=\"uagb-ifb-title\"><strong><strong><strong>Comparar versions<\/strong><\/strong><\/strong><\/h4><\/div><\/div><\/div>\n\n\n\n<div class=\"wp-block-uagb-info-box uagb-block-8fd8b4e8 uagb-infobox__content-wrap  uagb-infobox-icon-above-title uagb-infobox-image-valign-top\"><div class=\"uagb-ifb-content\"><div class=\"uagb-ifb-image-content\"><img decoding=\"async\" src=\"https:\/\/thinkinpress.com\/wp-content\/uploads\/2023\/09\/Recurso-1@300x-8.png\" alt=\"\" width=\"46\" height=\"59\" loading=\"lazy\"\/><\/div><div class=\"uagb-ifb-title-wrap\"><h4 class=\"uagb-ifb-title\"><strong><strong><strong>Acc\u00e9s de diferents usuaris<\/strong><\/strong><\/strong><\/h4><\/div><\/div><\/div>\n<\/div>\n<\/div><\/div>\n\n<div class=\"wp-block-uagb-container uagb-block-be0852ba alignfull uagb-is-root-container\"><div class=\"uagb-container-inner-blocks-wrap\">\n<div class=\"wp-block-uagb-container uagb-block-2b5332e5\">\n<div class=\"wp-block-uagb-advanced-heading uagb-block-af058376\"><h2 class=\"uagb-heading-text\"><strong>Analitzar, revisar. Detectar. Assessorar. Transpar\u00e8ncia i suport<\/strong>.<\/h2><p class=\"uagb-desc-text\">Podem col\u00b7laborar amb els nostres clients per a identificar necessitats reals, proposar solucions i assegurar-nos que siguin efectives.<br\/>Ens adaptem \u00edntegrament a les necessitats dels nostres clients.<br\/>Ens adaptem \u00edntegrament a les necessitats dels nostres clients. Garantim una execuci\u00f3 r\u00e0pida i efica\u00e7 dels projectes en el termini establert.<br\/>Assignem a cada projecte un gestor de projectes que asseguri que el proc\u00e9s i el producte reflecteixin i compleixin amb els est\u00e0ndards, la visi\u00f3 i al mateix temps la marca de cada client.<br\/><\/p><\/div>\n<\/div>\n\n\n<style>.wp-block-kadence-iconlist.kt-svg-icon-list-items2780_2c3921-3a:not(.this-stops-third-party-issues){margin-top:0px;margin-bottom:0px;}.wp-block-kadence-iconlist.kt-svg-icon-list-items2780_2c3921-3a ul.kt-svg-icon-list:not(.this-prevents-issues):not(.this-stops-third-party-issues):not(.tijsloc){margin-top:0px;margin-right:0px;margin-bottom:var(--global-kb-spacing-sm, 1.5rem);margin-left:0px;padding-top:50px;padding-right:250px;padding-left:400px;column-gap:20px;}.wp-block-kadence-iconlist.kt-svg-icon-list-items2780_2c3921-3a ul.kt-svg-icon-list{grid-row-gap:10px;}.wp-block-kadence-iconlist.kt-svg-icon-list-items2780_2c3921-3a .kb-svg-icon-wrap{color:var(--ast-global-color-1);}.wp-block-kadence-iconlist.kt-svg-icon-list-items2780_2c3921-3a ul.kt-svg-icon-list .kt-svg-icon-list-item-wrap .kt-svg-icon-list-single{margin-right:10px;}.kt-svg-icon-list-items2780_2c3921-3a ul.kt-svg-icon-list .kt-svg-icon-list-level-0 .kt-svg-icon-list-single svg{font-size:20px;}@media all and (min-width: 1025px){.wp-block-kadence-iconlist.kt-svg-icon-list-items2780_2c3921-3a:not(.kt-svg-icon-list-columns-1) ul.kt-svg-icon-list .kt-svg-icon-list-item-wrap:not(:last-child){margin:0px;}}@media all and (min-width: 768px) and (max-width: 1024px){.wp-block-kadence-iconlist.kt-svg-icon-list-items2780_2c3921-3a:not(.kt-tablet-svg-icon-list-columns-1) ul.kt-svg-icon-list .kt-svg-icon-list-item-wrap:not(:last-child){margin:0px;}}@media all and (max-width: 767px){.wp-block-kadence-iconlist.kt-svg-icon-list-items2780_2c3921-3a ul.kt-svg-icon-list:not(.this-prevents-issues):not(.this-stops-third-party-issues):not(.tijsloc){padding-top:0px;padding-right:10px;padding-left:30px;}}<\/style>\n<div class=\"wp-block-kadence-iconlist kt-svg-icon-list-items kt-svg-icon-list-items2780_2c3921-3a kt-svg-icon-list-columns-2 alignleft kt-mobile-svg-icon-list-columns-1\"><ul class=\"kt-svg-icon-list\"><style>.kt-svg-icon-list-item-2780_8fc960-79 .kt-svg-icon-list-text mark.kt-highlight{background-color:unset;font-style:normal;color:#f76a0c;-webkit-box-decoration-break:clone;box-decoration-break:clone;padding-top:0px;padding-right:0px;padding-bottom:0px;padding-left:0px;}<\/style>\n<li class=\"wp-block-kadence-listitem kt-svg-icon-list-item-wrap kt-svg-icon-list-item-2780_8fc960-79\"><span class=\"kb-svg-icon-wrap kb-svg-icon-fe_arrowRight kt-svg-icon-list-single\"><svg viewBox=\"0 0 24 24\"  fill=\"none\" stroke=\"currentColor\" stroke-width=\"2\" stroke-linecap=\"round\" stroke-linejoin=\"round\" xmlns=\"http:\/\/www.w3.org\/2000\/svg\"  aria-hidden=\"true\"><line x1=\"5\" y1=\"12\" x2=\"19\" y2=\"12\"\/><polyline points=\"12 5 19 12 12 19\"\/><\/svg><\/span><span class=\"kt-svg-icon-list-text\">Proximitat<\/span><\/li>\n\n\n<style>.kt-svg-icon-list-item-2780_6671fe-12 .kt-svg-icon-list-text mark.kt-highlight{background-color:unset;font-style:normal;color:#f76a0c;-webkit-box-decoration-break:clone;box-decoration-break:clone;padding-top:0px;padding-right:0px;padding-bottom:0px;padding-left:0px;}<\/style>\n<li class=\"wp-block-kadence-listitem kt-svg-icon-list-item-wrap kt-svg-icon-list-item-2780_6671fe-12\"><span class=\"kb-svg-icon-wrap kb-svg-icon-fe_arrowRight kt-svg-icon-list-single\"><svg viewBox=\"0 0 24 24\"  fill=\"none\" stroke=\"currentColor\" stroke-width=\"2\" stroke-linecap=\"round\" stroke-linejoin=\"round\" xmlns=\"http:\/\/www.w3.org\/2000\/svg\"  aria-hidden=\"true\"><line x1=\"5\" y1=\"12\" x2=\"19\" y2=\"12\"\/><polyline points=\"12 5 19 12 12 19\"\/><\/svg><\/span><span class=\"kt-svg-icon-list-text\">Seguretat<\/span><\/li>\n\n\n<style>.kt-svg-icon-list-item-2780_5d3867-1c .kt-svg-icon-list-text mark.kt-highlight{background-color:unset;font-style:normal;color:#f76a0c;-webkit-box-decoration-break:clone;box-decoration-break:clone;padding-top:0px;padding-right:0px;padding-bottom:0px;padding-left:0px;}<\/style>\n<li class=\"wp-block-kadence-listitem kt-svg-icon-list-item-wrap kt-svg-icon-list-item-2780_5d3867-1c\"><span class=\"kb-svg-icon-wrap kb-svg-icon-fe_arrowRight kt-svg-icon-list-single\"><svg viewBox=\"0 0 24 24\"  fill=\"none\" stroke=\"currentColor\" stroke-width=\"2\" stroke-linecap=\"round\" stroke-linejoin=\"round\" xmlns=\"http:\/\/www.w3.org\/2000\/svg\"  aria-hidden=\"true\"><line x1=\"5\" y1=\"12\" x2=\"19\" y2=\"12\"\/><polyline points=\"12 5 19 12 12 19\"\/><\/svg><\/span><span class=\"kt-svg-icon-list-text\">Tracte personal<\/span><\/li>\n\n\n<style>.kt-svg-icon-list-item-2780_488976-16 .kt-svg-icon-list-text mark.kt-highlight{background-color:unset;font-style:normal;color:#f76a0c;-webkit-box-decoration-break:clone;box-decoration-break:clone;padding-top:0px;padding-right:0px;padding-bottom:0px;padding-left:0px;}<\/style>\n<li class=\"wp-block-kadence-listitem kt-svg-icon-list-item-wrap kt-svg-icon-list-item-2780_488976-16\"><span class=\"kb-svg-icon-wrap kb-svg-icon-fe_arrowRight kt-svg-icon-list-single\"><svg viewBox=\"0 0 24 24\"  fill=\"none\" stroke=\"currentColor\" stroke-width=\"2\" stroke-linecap=\"round\" stroke-linejoin=\"round\" xmlns=\"http:\/\/www.w3.org\/2000\/svg\"  aria-hidden=\"true\"><line x1=\"5\" y1=\"12\" x2=\"19\" y2=\"12\"\/><polyline points=\"12 5 19 12 12 19\"\/><\/svg><\/span><span class=\"kt-svg-icon-list-text\">Interacci\u00f3 constant<\/span><\/li>\n\n\n<style>.kt-svg-icon-list-item-2780_f98bab-68 .kt-svg-icon-list-text mark.kt-highlight{background-color:unset;font-style:normal;color:#f76a0c;-webkit-box-decoration-break:clone;box-decoration-break:clone;padding-top:0px;padding-right:0px;padding-bottom:0px;padding-left:0px;}<\/style>\n<li class=\"wp-block-kadence-listitem kt-svg-icon-list-item-wrap kt-svg-icon-list-item-2780_f98bab-68\"><span class=\"kb-svg-icon-wrap kb-svg-icon-fe_arrowRight kt-svg-icon-list-single\"><svg viewBox=\"0 0 24 24\"  fill=\"none\" stroke=\"currentColor\" stroke-width=\"2\" stroke-linecap=\"round\" stroke-linejoin=\"round\" xmlns=\"http:\/\/www.w3.org\/2000\/svg\"  aria-hidden=\"true\"><line x1=\"5\" y1=\"12\" x2=\"19\" y2=\"12\"\/><polyline points=\"12 5 19 12 12 19\"\/><\/svg><\/span><span class=\"kt-svg-icon-list-text\">Confian\u00e7a<\/span><\/li>\n\n\n<style>.kt-svg-icon-list-item-2780_0cba02-a1 .kt-svg-icon-list-text mark.kt-highlight{background-color:unset;font-style:normal;color:#f76a0c;-webkit-box-decoration-break:clone;box-decoration-break:clone;padding-top:0px;padding-right:0px;padding-bottom:0px;padding-left:0px;}<\/style>\n<li class=\"wp-block-kadence-listitem kt-svg-icon-list-item-wrap kt-svg-icon-list-item-2780_0cba02-a1\"><span class=\"kb-svg-icon-wrap kb-svg-icon-fe_arrowRight kt-svg-icon-list-single\"><svg viewBox=\"0 0 24 24\"  fill=\"none\" stroke=\"currentColor\" stroke-width=\"2\" stroke-linecap=\"round\" stroke-linejoin=\"round\" xmlns=\"http:\/\/www.w3.org\/2000\/svg\"  aria-hidden=\"true\"><line x1=\"5\" y1=\"12\" x2=\"19\" y2=\"12\"\/><polyline points=\"12 5 19 12 12 19\"\/><\/svg><\/span><span class=\"kt-svg-icon-list-text\">Soluci\u00f3 a mida<\/span><\/li>\n\n\n<style>.kt-svg-icon-list-item-2780_cdc32f-83 .kt-svg-icon-list-text mark.kt-highlight{background-color:unset;font-style:normal;color:#f76a0c;-webkit-box-decoration-break:clone;box-decoration-break:clone;padding-top:0px;padding-right:0px;padding-bottom:0px;padding-left:0px;}<\/style>\n<li class=\"wp-block-kadence-listitem kt-svg-icon-list-item-wrap kt-svg-icon-list-item-2780_cdc32f-83\"><span class=\"kb-svg-icon-wrap kb-svg-icon-fe_arrowRight kt-svg-icon-list-single\"><svg viewBox=\"0 0 24 24\"  fill=\"none\" stroke=\"currentColor\" stroke-width=\"2\" stroke-linecap=\"round\" stroke-linejoin=\"round\" xmlns=\"http:\/\/www.w3.org\/2000\/svg\"  aria-hidden=\"true\"><line x1=\"5\" y1=\"12\" x2=\"19\" y2=\"12\"\/><polyline points=\"12 5 19 12 12 19\"\/><\/svg><\/span><span class=\"kt-svg-icon-list-text\">Comunicaci\u00f3 directa<\/span><\/li>\n<\/ul><\/div>\n<\/div><\/div>\n\n<div class=\"wp-block-uagb-container uagb-block-9c184b30 alignfull uagb-is-root-container\"><div class=\"uagb-container-inner-blocks-wrap\">\n<div class=\"wp-block-uagb-container uagb-block-1e571d85\">\n<div class=\"wp-block-uagb-image aligncenter uagb-block-2629c1fe wp-block-uagb-image--layout-default wp-block-uagb-image--effect-static wp-block-uagb-image--align-center\"><figure class=\"wp-block-uagb-image__figure\"><img decoding=\"async\" srcset=\"https:\/\/thinkinpress.com\/wp-content\/uploads\/2023\/08\/Artwork-process-Horizontal-1024x278.png \" sizes=\"auto, (max-width: 480px) 150px\" src=\"https:\/\/thinkinpress.com\/wp-content\/uploads\/2023\/08\/Artwork-process-Horizontal-1024x278.png\" alt=\"\" class=\"uag-image-2823\" width=\"1024\" height=\"278\" title=\"\" loading=\"lazy\" role=\"img\"\/><\/figure><\/div>\n<\/div>\n<\/div><\/div>\n","protected":false},"excerpt":{"rendered":"<p>Identifiquem necessitats, proposem solucions i en controlem l\u2019efectivitat amb un equip altament preparat i amb experi\u00e8ncia en el sector farmac\u00e8utic. Des del principi i durant tot el proc\u00e9s un Project m\u00e1nager s&#8217;encarregar\u00e0 que la comunicaci\u00f3 flueixi al m\u00e0xim i que totes les parts implicades duguin a terme la seva tasca. Control. Rapidesa. Efici\u00e8ncia. Centralitzaci\u00f3. Utilitzem [&hellip;]<\/p>\n","protected":false},"author":1,"featured_media":0,"parent":0,"menu_order":0,"comment_status":"closed","ping_status":"closed","template":"","meta":{"_uag_custom_page_level_css":"","_kad_blocks_custom_css":"","_kad_blocks_head_custom_js":"","_kad_blocks_body_custom_js":"","_kad_blocks_footer_custom_js":"","site-sidebar-layout":"no-sidebar","site-content-layout":"page-builder","ast-site-content-layout":"full-width-container","site-content-style":"unboxed","site-sidebar-style":"unboxed","ast-global-header-display":"","ast-banner-title-visibility":"","ast-main-header-display":"","ast-hfb-above-header-display":"","ast-hfb-below-header-display":"","ast-hfb-mobile-header-display":"","site-post-title":"disabled","ast-breadcrumbs-content":"","ast-featured-img":"disabled","footer-sml-layout":"","ast-disable-related-posts":"","theme-transparent-header-meta":"enabled","adv-header-id-meta":"","stick-header-meta":"","header-above-stick-meta":"","header-main-stick-meta":"","header-below-stick-meta":"","astra-migrate-meta-layouts":"set","ast-page-background-enabled":"default","ast-page-background-meta":{"desktop":{"background-color":"var(--ast-global-color-4)","background-image":"","background-repeat":"repeat","background-position":"center center","background-size":"auto","background-attachment":"scroll","background-type":"","background-media":"","overlay-type":"","overlay-color":"","overlay-opacity":"","overlay-gradient":""},"tablet":{"background-color":"","background-image":"","background-repeat":"repeat","background-position":"center center","background-size":"auto","background-attachment":"scroll","background-type":"","background-media":"","overlay-type":"","overlay-color":"","overlay-opacity":"","overlay-gradient":""},"mobile":{"background-color":"","background-image":"","background-repeat":"repeat","background-position":"center center","background-size":"auto","background-attachment":"scroll","background-type":"","background-media":"","overlay-type":"","overlay-color":"","overlay-opacity":"","overlay-gradient":""}},"ast-content-background-meta":{"desktop":{"background-color":"var(--ast-global-color-5)","background-image":"","background-repeat":"repeat","background-position":"center center","background-size":"auto","background-attachment":"scroll","background-type":"","background-media":"","overlay-type":"","overlay-color":"","overlay-opacity":"","overlay-gradient":""},"tablet":{"background-color":"var(--ast-global-color-5)","background-image":"","background-repeat":"repeat","background-position":"center center","background-size":"auto","background-attachment":"scroll","background-type":"","background-media":"","overlay-type":"","overlay-color":"","overlay-opacity":"","overlay-gradient":""},"mobile":{"background-color":"var(--ast-global-color-5)","background-image":"","background-repeat":"repeat","background-position":"center center","background-size":"auto","background-attachment":"scroll","background-type":"","background-media":"","overlay-type":"","overlay-color":"","overlay-opacity":"","overlay-gradient":""}},"footnotes":""},"class_list":["post-3215","page","type-page","status-publish","hentry"],"taxonomy_info":[],"featured_image_src_large":false,"author_info":{"display_name":"admin","author_link":"https:\/\/thinkinpress.com\/ca\/author\/empiezapori\/"},"comment_info":0,"uagb_featured_image_src":{"full":false,"thumbnail":false,"medium":false,"medium_large":false,"large":false,"1536x1536":false,"2048x2048":false},"uagb_author_info":{"display_name":"admin","author_link":"https:\/\/thinkinpress.com\/ca\/author\/empiezapori\/"},"uagb_comment_info":0,"uagb_excerpt":"Identifiquem necessitats, proposem solucions i en controlem l\u2019efectivitat amb un equip altament preparat i amb experi\u00e8ncia en el sector farmac\u00e8utic. Des del principi i durant tot el proc\u00e9s un Project m\u00e1nager s&#8217;encarregar\u00e0 que la comunicaci\u00f3 flueixi al m\u00e0xim i que totes les parts implicades duguin a terme la seva tasca. Control. Rapidesa. Efici\u00e8ncia. Centralitzaci\u00f3. Utilitzem&hellip;","_links":{"self":[{"href":"https:\/\/thinkinpress.com\/ca\/wp-json\/wp\/v2\/pages\/3215","targetHints":{"allow":["GET"]}}],"collection":[{"href":"https:\/\/thinkinpress.com\/ca\/wp-json\/wp\/v2\/pages"}],"about":[{"href":"https:\/\/thinkinpress.com\/ca\/wp-json\/wp\/v2\/types\/page"}],"author":[{"embeddable":true,"href":"https:\/\/thinkinpress.com\/ca\/wp-json\/wp\/v2\/users\/1"}],"replies":[{"embeddable":true,"href":"https:\/\/thinkinpress.com\/ca\/wp-json\/wp\/v2\/comments?post=3215"}],"version-history":[{"count":5,"href":"https:\/\/thinkinpress.com\/ca\/wp-json\/wp\/v2\/pages\/3215\/revisions"}],"predecessor-version":[{"id":3437,"href":"https:\/\/thinkinpress.com\/ca\/wp-json\/wp\/v2\/pages\/3215\/revisions\/3437"}],"wp:attachment":[{"href":"https:\/\/thinkinpress.com\/ca\/wp-json\/wp\/v2\/media?parent=3215"}],"curies":[{"name":"wp","href":"https:\/\/api.w.org\/{rel}","templated":true}]}}