{"id":3219,"date":"2022-03-04T03:43:38","date_gmt":"2022-03-04T02:43:38","guid":{"rendered":"https:\/\/thinkinpress.com\/qui-som\/"},"modified":"2024-05-07T10:08:00","modified_gmt":"2024-05-07T08:08:00","slug":"qui-som","status":"publish","type":"page","link":"https:\/\/thinkinpress.com\/ca\/qui-som\/","title":{"rendered":"Qui Som"},"content":{"rendered":"\n<div class=\"wp-block-uagb-container uagb-block-b14c2df1 alignfull uagb-is-root-container\"><div class=\"uagb-container-inner-blocks-wrap\">\n<div class=\"wp-block-uagb-info-box uagb-block-6f27a2b6 uagb-infobox__content-wrap  uagb-infobox-icon-above-title uagb-infobox-image-valign-top\"><div class=\"uagb-ifb-content\"><div class=\"uagb-ifb-title-wrap\"><h1 class=\"uagb-ifb-title\"><strong>Benvinguts a Thinkinpress<\/strong><\/h1><\/div><p class=\"uagb-ifb-desc\">Thinkinpress consta d&#8217;un equip d&#8217;experts altament especialitzat en la gesti\u00f3 d\u2019artworks i packaging per al sector farmac\u00e8utic que t\u00e9 com a prioritat complir el calendari previst i seguir les normes d&#8217;un sector din\u00e0mic i exigent.<\/p><\/div><\/div>\n<\/div><\/div>\n\n<div class=\"wp-block-uagb-container uagb-block-cc096c71 alignfull uagb-is-root-container\"><div class=\"uagb-container-inner-blocks-wrap\">\n<div class=\"wp-block-uagb-container uagb-block-b7c9dedb\">\n<div class=\"wp-block-uagb-container uagb-block-e8cfa2ca\">\n<div class=\"wp-block-uagb-info-box uagb-block-23298a70 uagb-infobox__content-wrap  uagb-infobox-icon-above-title uagb-infobox-image-valign-top\"><div class=\"uagb-ifb-content\"><div class=\"uagb-ifb-title-wrap\"><div class=\"uagb-ifb-separator\"><\/div><h3 class=\"uagb-ifb-title\">Qui Som<\/h3><\/div><p class=\"uagb-ifb-desc\">Thinkinpress \u00e9s una empresa que es va constituir l&#8217;any 2009, amb un equip hum\u00e0 amb m\u00e9s de 10 anys d&#8217;experi\u00e8ncia en el sector. La seva activitat principal \u00e9s el desenvolupament de les arts gr\u00e0fiques i est\u00e0 especialitzada en el sector farmac\u00e8utic.<\/p><\/div><\/div>\n<\/div>\n\n\n\n<div class=\"wp-block-uagb-container uagb-block-a6c0f63f\">\n<div class=\"wp-block-uagb-info-box uagb-block-57201605 uagb-infobox__content-wrap  uagb-infobox-icon-above-title uagb-infobox-image-valign-top\"><div class=\"uagb-ifb-content\"><div class=\"uagb-ifb-title-wrap\"><div class=\"uagb-ifb-separator\"><\/div><h3 class=\"uagb-ifb-title\"><strong>Pol\u00edtica d\u2019Empresa<\/strong><\/h3><\/div><p class=\"uagb-ifb-desc\">La pol\u00edtica de Thinkinpress es basa en una cont\u00ednua millora de la seva capacitat productiva que sempre t\u00e9 en compte la qualitat dels seus serveis i que persegueix constantment la satisfacci\u00f3 del client.<\/p><\/div><\/div>\n<\/div>\n\n\n\n<div class=\"wp-block-uagb-container uagb-block-c469dc56\">\n<div class=\"wp-block-uagb-info-box uagb-block-39e34aa4 uagb-infobox__content-wrap  uagb-infobox-icon-above-title uagb-infobox-image-valign-top\"><div class=\"uagb-ifb-content\"><div class=\"uagb-ifb-title-wrap\"><div class=\"uagb-ifb-separator\"><\/div><h3 class=\"uagb-ifb-title\">Qu\u00e8 Fem<\/h3><\/div><\/div><\/div>\n\n\n\n<div class=\"wp-block-uagb-icon-list uagb-block-8fc4b034\"><div class=\"uagb-icon-list__wrap\">\n<div class=\"wp-block-uagb-icon-list-child uagb-block-b8e9c0ec\"><a target=\"_self\" aria-label=\"Estucher&#xED;a\" rel=\"noopener noreferrer\" href=\"#\"> <\/a><span class=\"uagb-icon-list__source-wrap\"><svg xmlns=\"https:\/\/www.w3.org\/2000\/svg\" viewbox=\"0 0 256 512\"><path d=\"M118.6 105.4l128 127.1C252.9 239.6 256 247.8 256 255.1s-3.125 16.38-9.375 22.63l-128 127.1c-9.156 9.156-22.91 11.9-34.88 6.943S64 396.9 64 383.1V128c0-12.94 7.781-24.62 19.75-29.58S109.5 96.23 118.6 105.4z\"><\/path><\/svg><\/span><span class=\"uagb-icon-list__label\">Estoigs<\/span><\/div>\n\n\n\n<div class=\"wp-block-uagb-icon-list-child uagb-block-5b5bdc78\"><a target=\"_self\" aria-label=\"Prospectos para pacientes (pil) \/ prospectos para usuarios (ifu)\" rel=\"noopener noreferrer\" href=\"#\"> <\/a><span class=\"uagb-icon-list__source-wrap\"><svg xmlns=\"https:\/\/www.w3.org\/2000\/svg\" viewbox=\"0 0 256 512\"><path d=\"M118.6 105.4l128 127.1C252.9 239.6 256 247.8 256 255.1s-3.125 16.38-9.375 22.63l-128 127.1c-9.156 9.156-22.91 11.9-34.88 6.943S64 396.9 64 383.1V128c0-12.94 7.781-24.62 19.75-29.58S109.5 96.23 118.6 105.4z\"><\/path><\/svg><\/span><span class=\"uagb-icon-list__label\">Prospectes per a pacients (PIL) \/ prospectes per a usuaris (IFU)<\/span><\/div>\n\n\n\n<div class=\"wp-block-uagb-icon-list-child uagb-block-c8ed0c82\"><a target=\"_self\" aria-label=\"Librillos (booklets)\" rel=\"noopener noreferrer\" href=\"#\"> <\/a><span class=\"uagb-icon-list__source-wrap\"><svg xmlns=\"https:\/\/www.w3.org\/2000\/svg\" viewbox=\"0 0 256 512\"><path d=\"M118.6 105.4l128 127.1C252.9 239.6 256 247.8 256 255.1s-3.125 16.38-9.375 22.63l-128 127.1c-9.156 9.156-22.91 11.9-34.88 6.943S64 396.9 64 383.1V128c0-12.94 7.781-24.62 19.75-29.58S109.5 96.23 118.6 105.4z\"><\/path><\/svg><\/span><span class=\"uagb-icon-list__label\">Llibrets (booklets)<\/span><\/div>\n\n\n\n<div class=\"wp-block-uagb-icon-list-child uagb-block-e3c46eff\"><a target=\"_self\" aria-label=\"Bl&#xED;steres\" rel=\"noopener noreferrer\" href=\"#\"> <\/a><span class=\"uagb-icon-list__source-wrap\"><svg xmlns=\"https:\/\/www.w3.org\/2000\/svg\" viewbox=\"0 0 256 512\"><path d=\"M118.6 105.4l128 127.1C252.9 239.6 256 247.8 256 255.1s-3.125 16.38-9.375 22.63l-128 127.1c-9.156 9.156-22.91 11.9-34.88 6.943S64 396.9 64 383.1V128c0-12.94 7.781-24.62 19.75-29.58S109.5 96.23 118.6 105.4z\"><\/path><\/svg><\/span><span class=\"uagb-icon-list__label\">Bl\u00edsters<\/span><\/div>\n\n\n\n<div class=\"wp-block-uagb-icon-list-child uagb-block-efd9cd72\"><a target=\"_self\" aria-label=\"Tubos\" rel=\"noopener noreferrer\" href=\"#\"> <\/a><span class=\"uagb-icon-list__source-wrap\"><svg xmlns=\"https:\/\/www.w3.org\/2000\/svg\" viewbox=\"0 0 256 512\"><path d=\"M118.6 105.4l128 127.1C252.9 239.6 256 247.8 256 255.1s-3.125 16.38-9.375 22.63l-128 127.1c-9.156 9.156-22.91 11.9-34.88 6.943S64 396.9 64 383.1V128c0-12.94 7.781-24.62 19.75-29.58S109.5 96.23 118.6 105.4z\"><\/path><\/svg><\/span><span class=\"uagb-icon-list__label\">Tubs<\/span><\/div>\n\n\n\n<div class=\"wp-block-uagb-icon-list-child uagb-block-72324bce\"><a target=\"_self\" aria-label=\"Sobres\" rel=\"noopener noreferrer\" href=\"#\"> <\/a><span class=\"uagb-icon-list__source-wrap\"><svg xmlns=\"https:\/\/www.w3.org\/2000\/svg\" viewbox=\"0 0 256 512\"><path d=\"M118.6 105.4l128 127.1C252.9 239.6 256 247.8 256 255.1s-3.125 16.38-9.375 22.63l-128 127.1c-9.156 9.156-22.91 11.9-34.88 6.943S64 396.9 64 383.1V128c0-12.94 7.781-24.62 19.75-29.58S109.5 96.23 118.6 105.4z\"><\/path><\/svg><\/span><span class=\"uagb-icon-list__label\">Sobres<\/span><\/div>\n\n\n\n<div class=\"wp-block-uagb-icon-list-child uagb-block-0bc4d6b1\"><a target=\"_self\" aria-label=\"Etiquetas adhesivas\" rel=\"noopener noreferrer\" href=\"#\"> <\/a><span class=\"uagb-icon-list__source-wrap\"><svg xmlns=\"https:\/\/www.w3.org\/2000\/svg\" viewbox=\"0 0 256 512\"><path d=\"M118.6 105.4l128 127.1C252.9 239.6 256 247.8 256 255.1s-3.125 16.38-9.375 22.63l-128 127.1c-9.156 9.156-22.91 11.9-34.88 6.943S64 396.9 64 383.1V128c0-12.94 7.781-24.62 19.75-29.58S109.5 96.23 118.6 105.4z\"><\/path><\/svg><\/span><span class=\"uagb-icon-list__label\">Etiquetes adhesives<\/span><\/div>\n\n\n\n<div class=\"wp-block-uagb-icon-list-child uagb-block-24c899cb\"><a target=\"_self\" aria-label=\"Bolsas&#x2026;\" rel=\"noopener noreferrer\" href=\"#\"> <\/a><span class=\"uagb-icon-list__source-wrap\"><svg xmlns=\"https:\/\/www.w3.org\/2000\/svg\" viewbox=\"0 0 256 512\"><path d=\"M118.6 105.4l128 127.1C252.9 239.6 256 247.8 256 255.1s-3.125 16.38-9.375 22.63l-128 127.1c-9.156 9.156-22.91 11.9-34.88 6.943S64 396.9 64 383.1V128c0-12.94 7.781-24.62 19.75-29.58S109.5 96.23 118.6 105.4z\"><\/path><\/svg><\/span><span class=\"uagb-icon-list__label\">Bosses\u2026<\/span><\/div>\n<\/div><\/div>\n<\/div>\n<\/div>\n<\/div><\/div>\n\n<div class=\"wp-block-uagb-container uagb-block-e773a9bd alignfull uagb-is-root-container\"><div class=\"uagb-container-inner-blocks-wrap\">\n<div class=\"wp-block-uagb-advanced-heading uagb-block-b9d0252f\"><h2 class=\"uagb-heading-text\"><strong>El Nostre Proc\u00e9s de Treball<\/strong><\/h2><p class=\"uagb-desc-text\">Thinkinpress estableix, implanta, mant\u00e9 i millora cont\u00ednuament el seu sistema de gesti\u00f3 per a assegurar-se que lliura artworks de qualitat que compleixin amb els est\u00e0ndards m\u00e9s exigents i actuals de la ind\u00fastria, perqu\u00e8 el client pugui optimitzar els seus processos de treball, evitant errors, eliminant incid\u00e8ncies i reduint costos de producci\u00f3 bo i mantenint un control total en totes les fases del projecte.<\/p><\/div>\n<\/div><\/div>\n\n<div class=\"wp-block-uagb-container uagb-block-68fcb0a0 alignfull uagb-is-root-container\"><div class=\"uagb-container-inner-blocks-wrap\">\n<div class=\"wp-block-uagb-advanced-heading uagb-block-4fdaa9b4\"><h2 class=\"uagb-heading-text\">El Nostre Equip<\/h2><\/div>\n\n\n\n<div class=\"wp-block-uagb-container uagb-block-ea7f78d1\">\n<div class=\"wp-block-uagb-container uagb-block-56da00fd\">\n<div class=\"wp-block-uagb-info-box uagb-block-d1c8c6f6 uagb-infobox__content-wrap  uagb-infobox-icon-above-title uagb-infobox-image-valign-top\"><div class=\"uagb-ifb-content\"><div class=\"uagb-ifb-image-content\"><img decoding=\"async\" src=\"https:\/\/thinkinpress.com\/wp-content\/uploads\/2023\/07\/jordi-encinas-1.png\" alt=\"\" width=\"283\" height=\"283\" loading=\"lazy\"\/><\/div><div class=\"uagb-ifb-title-wrap\"><h4 class=\"uagb-ifb-title\">Jordi Encinas<\/h4><\/div><p class=\"uagb-ifb-desc\">CEO-Key Account Manager<\/p><\/div><\/div>\n<\/div>\n\n\n\n<div class=\"wp-block-uagb-container uagb-block-63bc549d\">\n<div class=\"wp-block-uagb-info-box uagb-block-f367eb6e uagb-infobox__content-wrap  uagb-infobox-icon-above-title uagb-infobox-image-valign-top\"><div class=\"uagb-ifb-content\"><div class=\"uagb-ifb-image-content\"><img decoding=\"async\" src=\"https:\/\/thinkinpress.com\/wp-content\/uploads\/2023\/07\/gemma-pacheco-1.png\" alt=\"\" width=\"283\" height=\"283\" loading=\"lazy\"\/><\/div><div class=\"uagb-ifb-title-wrap\"><h4 class=\"uagb-ifb-title\">Gemma Pacheco<\/h4><\/div><p class=\"uagb-ifb-desc\">Internal Management &amp; Process <br\/>Development Manager<\/p><\/div><\/div>\n<\/div>\n\n\n\n<div class=\"wp-block-uagb-container uagb-block-0c9d0bbb\">\n<div class=\"wp-block-uagb-info-box uagb-block-11c48554 uagb-infobox__content-wrap  uagb-infobox-icon-above-title uagb-infobox-image-valign-top\"><div class=\"uagb-ifb-content\"><div class=\"uagb-ifb-image-content\"><img decoding=\"async\" src=\"https:\/\/thinkinpress.com\/wp-content\/uploads\/2023\/07\/albert-bigas-1.png\" alt=\"\" width=\"283\" height=\"283\" loading=\"lazy\"\/><\/div><div class=\"uagb-ifb-title-wrap\"><h4 class=\"uagb-ifb-title\">Albert Bigas<\/h4><\/div><p class=\"uagb-ifb-desc\">CEO-Key Account Manager<\/p><\/div><\/div>\n<\/div>\n<\/div>\n\n\n\n<div class=\"wp-block-uagb-container uagb-block-b416e79e\">\n<div class=\"wp-block-uagb-container uagb-block-24d1150d\">\n<div class=\"wp-block-uagb-info-box uagb-block-9dd5e197 uagb-infobox__content-wrap  uagb-infobox-icon-above-title uagb-infobox-image-valign-top\"><div class=\"uagb-ifb-content\"><div class=\"uagb-ifb-image-content\"><img decoding=\"async\" src=\"https:\/\/thinkinpress.com\/wp-content\/uploads\/2023\/07\/laura-trujillos1.png\" alt=\"\" width=\"300\" height=\"300\" loading=\"lazy\"\/><\/div><div class=\"uagb-ifb-title-wrap\"><h4 class=\"uagb-ifb-title\">Laura Trujillo<\/h4><\/div><p class=\"uagb-ifb-desc\">ArtWorker<\/p><\/div><\/div>\n<\/div>\n\n\n\n<div class=\"wp-block-uagb-container uagb-block-3d932b9d\">\n<div class=\"wp-block-uagb-info-box uagb-block-cd94f07e uagb-infobox__content-wrap  uagb-infobox-icon-above-title uagb-infobox-image-valign-top\"><div class=\"uagb-ifb-content\"><div class=\"uagb-ifb-image-content\"><img decoding=\"async\" src=\"https:\/\/thinkinpress.com\/wp-content\/uploads\/2023\/07\/jaume-porta-1.png\" alt=\"\" width=\"300\" height=\"300\" loading=\"lazy\"\/><\/div><div class=\"uagb-ifb-title-wrap\"><h4 class=\"uagb-ifb-title\">Jaume Porta<\/h4><\/div><p class=\"uagb-ifb-desc\">International Account Manager<\/p><\/div><\/div>\n<\/div>\n\n\n\n<div class=\"wp-block-uagb-container uagb-block-e0bc25b7\">\n<div class=\"wp-block-uagb-info-box uagb-block-fa19f2a5 uagb-infobox__content-wrap  uagb-infobox-icon-above-title uagb-infobox-image-valign-top\"><div class=\"uagb-ifb-content\"><div class=\"uagb-ifb-image-content\"><img decoding=\"async\" src=\"https:\/\/thinkinpress.com\/wp-content\/uploads\/2023\/07\/jose-canto-1.png\" alt=\"\" width=\"300\" height=\"300\" loading=\"lazy\"\/><\/div><div class=\"uagb-ifb-title-wrap\"><h4 class=\"uagb-ifb-title\">Jos\u00e9 Cant\u00f3<\/h4><\/div><p class=\"uagb-ifb-desc\">ArtWorker<\/p><\/div><\/div>\n<\/div>\n<\/div>\n<\/div><\/div>\n\n<div class=\"wp-block-uagb-container uagb-block-324ced9b alignfull uagb-is-root-container\"><div class=\"uagb-container-inner-blocks-wrap\">\n<div class=\"wp-block-uagb-info-box uagb-block-943c618e uagb-infobox__content-wrap  uagb-infobox-icon-above-title uagb-infobox-image-valign-top\"><div class=\"uagb-ifb-content\"><div class=\"uagb-ifb-title-wrap\"><h2 class=\"uagb-ifb-title\"><strong>Contacta ara amb nosaltres<\/strong><\/h2><\/div><div class=\"uagb-ifb-button-wrapper wp-block-button\"><a href=\"https:\/\/thinkinpress.com\/ca\/contacte\/\" class=\"uagb-infobox-cta-link wp-block-button__link\" target=\"_self\" rel=\"noopener noreferrer\" onclick=\"return true;\" alt=\"\"><span class=\"uagb-inline-editing\">Contacta<\/span><\/a><\/div><\/div><\/div>\n\n\n\n<div class=\"wp-block-uagb-container uagb-block-e9255702\">\n<div class=\"wp-block-uagb-advanced-heading uagb-block-ec999e23\"><h4 class=\"uagb-heading-text\">We get <br\/>things done. <br\/><mark style=\"background-color:rgba(0, 0, 0, 0)\" class=\"has-inline-color has-ast-global-color-7-color\">Incredibly <\/mark><br\/><mark style=\"background-color:rgba(0, 0, 0, 0)\" class=\"has-inline-color has-ast-global-color-7-color\">well-done.<\/mark><\/h4><\/div>\n<\/div>\n<\/div><\/div>\n","protected":false},"excerpt":{"rendered":"<p>El Nostre Proc\u00e9s de Treball Thinkinpress estableix, implanta, mant\u00e9 i millora cont\u00ednuament el seu sistema de gesti\u00f3 per a assegurar-se que lliura artworks de qualitat que compleixin amb els est\u00e0ndards m\u00e9s exigents i actuals de la ind\u00fastria, perqu\u00e8 el client pugui optimitzar els seus processos de treball, evitant errors, eliminant incid\u00e8ncies i reduint costos de [&hellip;]<\/p>\n","protected":false},"author":1,"featured_media":0,"parent":0,"menu_order":0,"comment_status":"closed","ping_status":"closed","template":"","meta":{"_uag_custom_page_level_css":"","_kad_blocks_custom_css":"","_kad_blocks_head_custom_js":"","_kad_blocks_body_custom_js":"","_kad_blocks_footer_custom_js":"","site-sidebar-layout":"no-sidebar","site-content-layout":"page-builder","ast-site-content-layout":"full-width-container","site-content-style":"unboxed","site-sidebar-style":"unboxed","ast-global-header-display":"","ast-banner-title-visibility":"","ast-main-header-display":"","ast-hfb-above-header-display":"","ast-hfb-below-header-display":"","ast-hfb-mobile-header-display":"","site-post-title":"disabled","ast-breadcrumbs-content":"","ast-featured-img":"disabled","footer-sml-layout":"","ast-disable-related-posts":"","theme-transparent-header-meta":"disabled","adv-header-id-meta":"","stick-header-meta":"","header-above-stick-meta":"","header-main-stick-meta":"","header-below-stick-meta":"","astra-migrate-meta-layouts":"default","ast-page-background-enabled":"default","ast-page-background-meta":{"desktop":{"background-color":"var(--ast-global-color-4)","background-image":"","background-repeat":"repeat","background-position":"center center","background-size":"auto","background-attachment":"scroll","background-type":"","background-media":"","overlay-type":"","overlay-color":"","overlay-opacity":"","overlay-gradient":""},"tablet":{"background-color":"","background-image":"","background-repeat":"repeat","background-position":"center center","background-size":"auto","background-attachment":"scroll","background-type":"","background-media":"","overlay-type":"","overlay-color":"","overlay-opacity":"","overlay-gradient":""},"mobile":{"background-color":"","background-image":"","background-repeat":"repeat","background-position":"center center","background-size":"auto","background-attachment":"scroll","background-type":"","background-media":"","overlay-type":"","overlay-color":"","overlay-opacity":"","overlay-gradient":""}},"ast-content-background-meta":{"desktop":{"background-color":"var(--ast-global-color-5)","background-image":"","background-repeat":"repeat","background-position":"center center","background-size":"auto","background-attachment":"scroll","background-type":"","background-media":"","overlay-type":"","overlay-color":"","overlay-opacity":"","overlay-gradient":""},"tablet":{"background-color":"var(--ast-global-color-5)","background-image":"","background-repeat":"repeat","background-position":"center center","background-size":"auto","background-attachment":"scroll","background-type":"","background-media":"","overlay-type":"","overlay-color":"","overlay-opacity":"","overlay-gradient":""},"mobile":{"background-color":"var(--ast-global-color-5)","background-image":"","background-repeat":"repeat","background-position":"center center","background-size":"auto","background-attachment":"scroll","background-type":"","background-media":"","overlay-type":"","overlay-color":"","overlay-opacity":"","overlay-gradient":""}},"footnotes":""},"class_list":["post-3219","page","type-page","status-publish","hentry"],"taxonomy_info":[],"featured_image_src_large":false,"author_info":{"display_name":"admin","author_link":"https:\/\/thinkinpress.com\/ca\/author\/empiezapori\/"},"comment_info":0,"uagb_featured_image_src":{"full":false,"thumbnail":false,"medium":false,"medium_large":false,"large":false,"1536x1536":false,"2048x2048":false},"uagb_author_info":{"display_name":"admin","author_link":"https:\/\/thinkinpress.com\/ca\/author\/empiezapori\/"},"uagb_comment_info":0,"uagb_excerpt":"El Nostre Proc\u00e9s de Treball Thinkinpress estableix, implanta, mant\u00e9 i millora cont\u00ednuament el seu sistema de gesti\u00f3 per a assegurar-se que lliura artworks de qualitat que compleixin amb els est\u00e0ndards m\u00e9s exigents i actuals de la ind\u00fastria, perqu\u00e8 el client pugui optimitzar els seus processos de treball, evitant errors, eliminant incid\u00e8ncies i reduint costos de&hellip;","_links":{"self":[{"href":"https:\/\/thinkinpress.com\/ca\/wp-json\/wp\/v2\/pages\/3219","targetHints":{"allow":["GET"]}}],"collection":[{"href":"https:\/\/thinkinpress.com\/ca\/wp-json\/wp\/v2\/pages"}],"about":[{"href":"https:\/\/thinkinpress.com\/ca\/wp-json\/wp\/v2\/types\/page"}],"author":[{"embeddable":true,"href":"https:\/\/thinkinpress.com\/ca\/wp-json\/wp\/v2\/users\/1"}],"replies":[{"embeddable":true,"href":"https:\/\/thinkinpress.com\/ca\/wp-json\/wp\/v2\/comments?post=3219"}],"version-history":[{"count":5,"href":"https:\/\/thinkinpress.com\/ca\/wp-json\/wp\/v2\/pages\/3219\/revisions"}],"predecessor-version":[{"id":3476,"href":"https:\/\/thinkinpress.com\/ca\/wp-json\/wp\/v2\/pages\/3219\/revisions\/3476"}],"wp:attachment":[{"href":"https:\/\/thinkinpress.com\/ca\/wp-json\/wp\/v2\/media?parent=3219"}],"curies":[{"name":"wp","href":"https:\/\/api.w.org\/{rel}","templated":true}]}}