{"id":3225,"date":"2023-09-22T11:57:25","date_gmt":"2023-09-22T09:57:25","guid":{"rendered":"https:\/\/thinkinpress.com\/politica-del-sistema-integrat-de-gestio\/"},"modified":"2026-02-17T09:06:31","modified_gmt":"2026-02-17T08:06:31","slug":"politica-del-sistema-integrat-de-gestio","status":"publish","type":"page","link":"https:\/\/thinkinpress.com\/ca\/politica-del-sistema-integrat-de-gestio\/","title":{"rendered":"Pol\u00edtica del sistema integrat de gesti\u00f3"},"content":{"rendered":"\n<p><strong>Thinkinpress <\/strong> ha decidit implantar un Sistema de Gesti\u00f3 Mediambiental basat en la norma ISO 14001 i la Petjada de Carboni per a millorar la seva efici\u00e8ncia i el seu respecte del medi ambient.<\/p>\n\n<p>La Direcci\u00f3 de Thinkinpress enfoca el Sistema Mediambiental com una manera de gestionar els aspectes ambientals, les emerg\u00e8ncies, els riscos, els requisits legals i la millora cont\u00ednua de l&#8217;efic\u00e0cia del sistema. Per a aconseguir-ho, el sistema de l&#8217;Organitzaci\u00f3 es basa en:<\/p>\n\n<ul class=\"wp-block-list\">\n<li>Complir amb la legislaci\u00f3 i reglamentaci\u00f3 mediambiental aplicable, aix\u00ed com amb altres requisits que l&#8217;organitzaci\u00f3 subscrigui i que estiguin relacionats amb els seus aspectes mediambientals.<\/li>\n\n\n\n<li>Promoure un \u00fas eficient dels recursos naturals disponibles.<\/li>\n\n\n\n<li>Identificar i controlar els aspectes ambientals de l&#8217;organitzaci\u00f3 i els riscos, de tal manera que establim un enfocament preventiu per a mitigar la contaminaci\u00f3 atmosf\u00e8rica.<\/li>\n\n\n\n<li>Formar i sensibilitzar el personal de l&#8217;organitzaci\u00f3 sobre el respecte del medi ambient, aix\u00ed com proporcionar els recursos necessaris per al bon funcionament del sistema ambiental.<\/li>\n<\/ul>\n\n<p>La Direcci\u00f3 de Thinkinpress es compromet a difondre, implantar i mantenir actualitzada aquesta Pol\u00edtica de Medi ambient i \u00e9s conscient que Thinkinpress nom\u00e9s pot aconseguir l&#8217;objectiu que s\u2019ha fixat si compta amb la participaci\u00f3 i l&#8217;esfor\u00e7 de tots els seus membres. La Pol\u00edtica de Medi ambient es troba disponible a les instal\u00b7lacions de Thinkinpress.<\/p>\n\n<p>Firmat:<\/p>\n\n<p>La Direcci\u00f3 de Thinkinpress<br\/>Thinkinpress, SCCL.<br\/>F65102808<br\/>C\/Nou, N\u00fam. 28, Esc.1, Planta 1, Porta C<br\/>08241 Manresa (Barcelona)<br\/>Barcelona, \u200b\u200b18 de novembre de 2025<\/p>\n\n<div class=\"wp-block-uagb-container uagb-block-bd711678 alignfull uagb-is-root-container\"><div class=\"uagb-container-inner-blocks-wrap\">\n<div class=\"wp-block-uagb-image uagb-block-af346530 wp-block-uagb-image--layout-default wp-block-uagb-image--effect-static wp-block-uagb-image--align-none\"><figure class=\"wp-block-uagb-image__figure\"><img loading=\"lazy\" decoding=\"async\" srcset=\"https:\/\/thinkinpress.com\/wp-content\/uploads\/2026\/02\/ES56371B-THINKINPRESS-S.C.C.Spanish.jpeg ,https:\/\/thinkinpress.com\/wp-content\/uploads\/2026\/02\/ES56371B-THINKINPRESS-S.C.C.Spanish.jpeg 780w, https:\/\/thinkinpress.com\/wp-content\/uploads\/2026\/02\/ES56371B-THINKINPRESS-S.C.C.Spanish.jpeg 360w\" sizes=\"auto, (max-width: 480px) 150px\" src=\"https:\/\/thinkinpress.com\/wp-content\/uploads\/2026\/02\/ES56371B-THINKINPRESS-S.C.C.Spanish.jpeg\" alt=\"\" class=\"uag-image-3580\" width=\"481\" height=\"622\" title=\"ES56371B THINKINPRESS S.C.C...Spanish\" role=\"img\"><\/figure><\/div>\n<\/div><\/div>\n","protected":false},"excerpt":{"rendered":"<p>Thinkinpress ha decidit implantar un Sistema de Gesti\u00f3 Mediambiental basat en la norma ISO 14001 i la Petjada de Carboni per a millorar la seva efici\u00e8ncia i el seu respecte del medi ambient. La Direcci\u00f3 de Thinkinpress enfoca el Sistema Mediambiental com una manera de gestionar els aspectes ambientals, les emerg\u00e8ncies, els riscos, els requisits [&hellip;]<\/p>\n","protected":false},"author":1,"featured_media":0,"parent":0,"menu_order":0,"comment_status":"closed","ping_status":"closed","template":"","meta":{"_uag_custom_page_level_css":"","_kad_blocks_custom_css":"","_kad_blocks_head_custom_js":"","_kad_blocks_body_custom_js":"","_kad_blocks_footer_custom_js":"","site-sidebar-layout":"default","site-content-layout":"","ast-site-content-layout":"default","site-content-style":"default","site-sidebar-style":"default","ast-global-header-display":"","ast-banner-title-visibility":"","ast-main-header-display":"","ast-hfb-above-header-display":"","ast-hfb-below-header-display":"","ast-hfb-mobile-header-display":"","site-post-title":"","ast-breadcrumbs-content":"","ast-featured-img":"","footer-sml-layout":"","ast-disable-related-posts":"","theme-transparent-header-meta":"","adv-header-id-meta":"","stick-header-meta":"","header-above-stick-meta":"","header-main-stick-meta":"","header-below-stick-meta":"","astra-migrate-meta-layouts":"default","ast-page-background-enabled":"default","ast-page-background-meta":{"desktop":{"background-color":"var(--ast-global-color-4)","background-image":"","background-repeat":"repeat","background-position":"center center","background-size":"auto","background-attachment":"scroll","background-type":"","background-media":"","overlay-type":"","overlay-color":"","overlay-opacity":"","overlay-gradient":""},"tablet":{"background-color":"","background-image":"","background-repeat":"repeat","background-position":"center center","background-size":"auto","background-attachment":"scroll","background-type":"","background-media":"","overlay-type":"","overlay-color":"","overlay-opacity":"","overlay-gradient":""},"mobile":{"background-color":"","background-image":"","background-repeat":"repeat","background-position":"center center","background-size":"auto","background-attachment":"scroll","background-type":"","background-media":"","overlay-type":"","overlay-color":"","overlay-opacity":"","overlay-gradient":""}},"ast-content-background-meta":{"desktop":{"background-color":"var(--ast-global-color-5)","background-image":"","background-repeat":"repeat","background-position":"center center","background-size":"auto","background-attachment":"scroll","background-type":"","background-media":"","overlay-type":"","overlay-color":"","overlay-opacity":"","overlay-gradient":""},"tablet":{"background-color":"var(--ast-global-color-5)","background-image":"","background-repeat":"repeat","background-position":"center center","background-size":"auto","background-attachment":"scroll","background-type":"","background-media":"","overlay-type":"","overlay-color":"","overlay-opacity":"","overlay-gradient":""},"mobile":{"background-color":"var(--ast-global-color-5)","background-image":"","background-repeat":"repeat","background-position":"center center","background-size":"auto","background-attachment":"scroll","background-type":"","background-media":"","overlay-type":"","overlay-color":"","overlay-opacity":"","overlay-gradient":""}},"footnotes":""},"class_list":["post-3225","page","type-page","status-publish","hentry"],"taxonomy_info":[],"featured_image_src_large":false,"author_info":{"display_name":"admin","author_link":"https:\/\/thinkinpress.com\/ca\/author\/empiezapori\/"},"comment_info":0,"uagb_featured_image_src":{"full":false,"thumbnail":false,"medium":false,"medium_large":false,"large":false,"1536x1536":false,"2048x2048":false},"uagb_author_info":{"display_name":"admin","author_link":"https:\/\/thinkinpress.com\/ca\/author\/empiezapori\/"},"uagb_comment_info":0,"uagb_excerpt":"Thinkinpress ha decidit implantar un Sistema de Gesti\u00f3 Mediambiental basat en la norma ISO 14001 i la Petjada de Carboni per a millorar la seva efici\u00e8ncia i el seu respecte del medi ambient. La Direcci\u00f3 de Thinkinpress enfoca el Sistema Mediambiental com una manera de gestionar els aspectes ambientals, les emerg\u00e8ncies, els riscos, els requisits&hellip;","_links":{"self":[{"href":"https:\/\/thinkinpress.com\/ca\/wp-json\/wp\/v2\/pages\/3225","targetHints":{"allow":["GET"]}}],"collection":[{"href":"https:\/\/thinkinpress.com\/ca\/wp-json\/wp\/v2\/pages"}],"about":[{"href":"https:\/\/thinkinpress.com\/ca\/wp-json\/wp\/v2\/types\/page"}],"author":[{"embeddable":true,"href":"https:\/\/thinkinpress.com\/ca\/wp-json\/wp\/v2\/users\/1"}],"replies":[{"embeddable":true,"href":"https:\/\/thinkinpress.com\/ca\/wp-json\/wp\/v2\/comments?post=3225"}],"version-history":[{"count":6,"href":"https:\/\/thinkinpress.com\/ca\/wp-json\/wp\/v2\/pages\/3225\/revisions"}],"predecessor-version":[{"id":3586,"href":"https:\/\/thinkinpress.com\/ca\/wp-json\/wp\/v2\/pages\/3225\/revisions\/3586"}],"wp:attachment":[{"href":"https:\/\/thinkinpress.com\/ca\/wp-json\/wp\/v2\/media?parent=3225"}],"curies":[{"name":"wp","href":"https:\/\/api.w.org\/{rel}","templated":true}]}}